{"id":985,"date":"2023-01-22T21:21:35","date_gmt":"2023-01-22T20:21:35","guid":{"rendered":"https:\/\/don-plast.pl\/new\/?post_type=product&#038;p=985"},"modified":"2025-03-07T10:03:37","modified_gmt":"2025-03-07T09:03:37","slug":"podstawka-krakowska","status":"publish","type":"product","link":"https:\/\/don-plast.pl\/de\/product\/podstawka-krakowska\/","title":{"rendered":"Podstawka Krakowska"},"content":{"rendered":"<h2>Produktgr\u00f6\u00dfen:<\/h2>\n<table id=\"tabelka\">\n<tbody>\n<tr>\n<td><img decoding=\"async\" src=\"..\/..\/wp-content\/uploads\/2023\/01\/symbolm.png\" alt=\"\" class=\"\"><\/td>\n<td><img decoding=\"async\" src=\"..\/..\/wp-content\/uploads\/2023\/01\/srednicam.png\" alt=\"\" class=\"\"><\/td>\n<td><img decoding=\"async\" src=\"..\/..\/wp-content\/uploads\/2023\/01\/wysokoscm.png\" alt=\"\" class=\"\"><\/td>\n<td><img decoding=\"async\" src=\"..\/..\/wp-content\/uploads\/2023\/01\/iloscm.png\" alt=\"\" class=\"\"><\/td>\n<td><img decoding=\"async\" src=\"..\/..\/wp-content\/uploads\/2023\/01\/europalettem.png\" alt=\"\" class=\"\"><\/td>\n<\/tr>\n<tr>\n<td>Symbol<\/td>\n<td>Durchmesser<\/td>\n<td>Korpergrosse<\/td>\n<td>Verpackungseinheit<\/td>\n<td>Stuckzahl auf einer eur palette<\/td>\n<\/tr>\n<tr>\n<td>PK 10<\/td>\n<td>100<\/td>\n<td>20<\/td>\n<td>50<\/td>\n<td>43 200<\/td>\n<\/tr>\n<tr>\n<td>PK 12<\/td>\n<td>120<\/td>\n<td>20<\/td>\n<td>50<\/td>\n<td>21 600<\/td>\n<\/tr>\n<tr>\n<td>PK 14<\/td>\n<td>140<\/td>\n<td>23<\/td>\n<td>50<\/td>\n<td>16 000<\/td>\n<\/tr>\n<tr>\n<td>PK 15<\/td>\n<td>150<\/td>\n<td>25<\/td>\n<td>50<\/td>\n<td>12 800<\/td>\n<\/tr>\n<tr>\n<td>PK 17<\/td>\n<td>170<\/td>\n<td>26<\/td>\n<td>50<\/td>\n<td>14 000<\/td>\n<\/tr>\n<tr>\n<td>PK 20<\/td>\n<td>200<\/td>\n<td>28<\/td>\n<td>50<\/td>\n<td>8 050<\/td>\n<\/tr>\n<tr>\n<td>PK 23<\/td>\n<td>230<\/td>\n<td>32<\/td>\n<td>25<\/td>\n<td>6 000<\/td>\n<\/tr>\n<tr>\n<td>PK 26<\/td>\n<td>260<\/td>\n<td>35<\/td>\n<td>25<\/td>\n<td>4 200<\/td>\n<\/tr>\n<tr>\n<td>PK 30<\/td>\n<td>300<\/td>\n<td>40<\/td>\n<td>25<\/td>\n<td>3 150<\/td>\n<\/tr>\n<tr>\n<td>PK 35<\/td>\n<td>350<\/td>\n<td>42<\/td>\n<td>25<\/td>\n<td><\/td>\n<\/tr>\n<\/tbody>\n<\/table>\n<h2>Beschreibung:<\/h2>\n<p>Der Krakowska-Untersetzer ist gl\u00e4nzend und kann dank seiner einfachen Form f\u00fcr viele auf dem Markt erh\u00e4ltliche Blument\u00f6pfe verwendet werden.<\/p>","protected":false},"excerpt":{"rendered":"<p>Rozmiary produktu: Numer katalogowy \u015arednica Wysoko\u015b\u0107 Ilo\u015b\u0107 sztuk w opakowaniu Ilo\u015b\u0107 sztuk na europalecie PK 10 100 20 50 43 200 PK 12 120 20 50 21 600 PK 14 140 23 50 16 000 PK 15 150 25 50 12 800 PK 17 170 26 50 14 000 PK 20 200 28 50 8 [&hellip;]<\/p>","protected":false},"featured_media":987,"template":"","meta":[],"product_cat":[19],"product_tag":[],"class_list":{"0":"post-985","1":"product","2":"type-product","3":"status-publish","4":"has-post-thumbnail","6":"product_cat-podstawki","8":"first","9":"instock","10":"shipping-taxable","11":"product-type-variable"},"yoast_head":"<!-- This site is optimized with the Yoast SEO plugin v21.8 - https:\/\/yoast.com\/wordpress\/plugins\/seo\/ -->\n<title>Podstawka Krakowska - Don-Plast<\/title>\n<meta name=\"robots\" content=\"index, follow, max-snippet:-1, max-image-preview:large, max-video-preview:-1\" \/>\n<link rel=\"canonical\" href=\"https:\/\/don-plast.pl\/de\/product\/podstawka-krakowska\/\" \/>\n<meta property=\"og:locale\" content=\"de_DE\" \/>\n<meta property=\"og:type\" content=\"article\" \/>\n<meta property=\"og:title\" content=\"Podstawka Krakowska - Don-Plast\" \/>\n<meta property=\"og:description\" content=\"Rozmiary produktu: Numer katalogowy \u015arednica Wysoko\u015b\u0107 Ilo\u015b\u0107 sztuk w opakowaniu Ilo\u015b\u0107 sztuk na europalecie PK 10 100 20 50 43 200 PK 12 120 20 50 21 600 PK 14 140 23 50 16 000 PK 15 150 25 50 12 800 PK 17 170 26 50 14 000 PK 20 200 28 50 8 [&hellip;]\" \/>\n<meta property=\"og:url\" content=\"https:\/\/don-plast.pl\/de\/product\/podstawka-krakowska\/\" \/>\n<meta property=\"og:site_name\" content=\"Don-Plast\" \/>\n<meta property=\"article:modified_time\" content=\"2025-03-07T09:03:37+00:00\" \/>\n<meta property=\"og:image\" content=\"https:\/\/don-plast.pl\/wp-content\/uploads\/2023\/01\/podstawka-krakowska-13.jpg\" \/>\n\t<meta property=\"og:image:width\" content=\"1500\" \/>\n\t<meta property=\"og:image:height\" content=\"1500\" \/>\n\t<meta property=\"og:image:type\" content=\"image\/jpeg\" \/>\n<meta name=\"twitter:card\" content=\"summary_large_image\" \/>\n<meta name=\"twitter:label1\" content=\"Gesch\u00e4tzte Lesezeit\" \/>\n\t<meta name=\"twitter:data1\" content=\"2\u00a0Minuten\" \/>\n<script type=\"application\/ld+json\" class=\"yoast-schema-graph\">{\"@context\":\"https:\/\/schema.org\",\"@graph\":[{\"@type\":\"WebPage\",\"@id\":\"https:\/\/don-plast.pl\/produkt\/podstawka-krakowska\/\",\"url\":\"https:\/\/don-plast.pl\/produkt\/podstawka-krakowska\/\",\"name\":\"Podstawka Krakowska - Don-Plast\",\"isPartOf\":{\"@id\":\"https:\/\/don-plast.pl\/#website\"},\"datePublished\":\"2023-01-22T20:21:35+00:00\",\"dateModified\":\"2025-03-07T09:03:37+00:00\",\"breadcrumb\":{\"@id\":\"https:\/\/don-plast.pl\/produkt\/podstawka-krakowska\/#breadcrumb\"},\"inLanguage\":\"de\",\"potentialAction\":[{\"@type\":\"ReadAction\",\"target\":[\"https:\/\/don-plast.pl\/produkt\/podstawka-krakowska\/\"]}]},{\"@type\":\"BreadcrumbList\",\"@id\":\"https:\/\/don-plast.pl\/produkt\/podstawka-krakowska\/#breadcrumb\",\"itemListElement\":[{\"@type\":\"ListItem\",\"position\":1,\"name\":\"Strona g\u0142\u00f3wna\",\"item\":\"https:\/\/don-plast.pl\/\"},{\"@type\":\"ListItem\",\"position\":2,\"name\":\"Produkty\",\"item\":\"https:\/\/don-plast.pl\/sklep\/\"},{\"@type\":\"ListItem\",\"position\":3,\"name\":\"Podstawka Krakowska\"}]},{\"@type\":\"WebSite\",\"@id\":\"https:\/\/don-plast.pl\/#website\",\"url\":\"https:\/\/don-plast.pl\/\",\"name\":\"Don-Plast\",\"description\":\"\",\"publisher\":{\"@id\":\"https:\/\/don-plast.pl\/#organization\"},\"potentialAction\":[{\"@type\":\"SearchAction\",\"target\":{\"@type\":\"EntryPoint\",\"urlTemplate\":\"https:\/\/don-plast.pl\/?s={search_term_string}\"},\"query-input\":\"required name=search_term_string\"}],\"inLanguage\":\"de\"},{\"@type\":\"Organization\",\"@id\":\"https:\/\/don-plast.pl\/#organization\",\"name\":\"Don-Plast\",\"url\":\"https:\/\/don-plast.pl\/\",\"logo\":{\"@type\":\"ImageObject\",\"inLanguage\":\"de\",\"@id\":\"https:\/\/don-plast.pl\/#\/schema\/logo\/image\/\",\"url\":\"https:\/\/don-plast.pl\/wp-content\/uploads\/2023\/01\/logo-czerwone.png\",\"contentUrl\":\"https:\/\/don-plast.pl\/wp-content\/uploads\/2023\/01\/logo-czerwone.png\",\"width\":176,\"height\":100,\"caption\":\"Don-Plast\"},\"image\":{\"@id\":\"https:\/\/don-plast.pl\/#\/schema\/logo\/image\/\"}}]}<\/script>\n<!-- \/ Yoast SEO plugin. -->","yoast_head_json":{"title":"Podstawka Krakowska - Don-Plast","robots":{"index":"index","follow":"follow","max-snippet":"max-snippet:-1","max-image-preview":"max-image-preview:large","max-video-preview":"max-video-preview:-1"},"canonical":"https:\/\/don-plast.pl\/de\/product\/podstawka-krakowska\/","og_locale":"de_DE","og_type":"article","og_title":"Podstawka Krakowska - Don-Plast","og_description":"Rozmiary produktu: Numer katalogowy \u015arednica Wysoko\u015b\u0107 Ilo\u015b\u0107 sztuk w opakowaniu Ilo\u015b\u0107 sztuk na europalecie PK 10 100 20 50 43 200 PK 12 120 20 50 21 600 PK 14 140 23 50 16 000 PK 15 150 25 50 12 800 PK 17 170 26 50 14 000 PK 20 200 28 50 8 [&hellip;]","og_url":"https:\/\/don-plast.pl\/de\/product\/podstawka-krakowska\/","og_site_name":"Don-Plast","article_modified_time":"2025-03-07T09:03:37+00:00","og_image":[{"width":1500,"height":1500,"url":"https:\/\/don-plast.pl\/wp-content\/uploads\/2023\/01\/podstawka-krakowska-13.jpg","type":"image\/jpeg"}],"twitter_card":"summary_large_image","twitter_misc":{"Gesch\u00e4tzte Lesezeit":"2\u00a0Minuten"},"schema":{"@context":"https:\/\/schema.org","@graph":[{"@type":"WebPage","@id":"https:\/\/don-plast.pl\/produkt\/podstawka-krakowska\/","url":"https:\/\/don-plast.pl\/produkt\/podstawka-krakowska\/","name":"Podstawka Krakowska - Don-Plast","isPartOf":{"@id":"https:\/\/don-plast.pl\/#website"},"datePublished":"2023-01-22T20:21:35+00:00","dateModified":"2025-03-07T09:03:37+00:00","breadcrumb":{"@id":"https:\/\/don-plast.pl\/produkt\/podstawka-krakowska\/#breadcrumb"},"inLanguage":"de","potentialAction":[{"@type":"ReadAction","target":["https:\/\/don-plast.pl\/produkt\/podstawka-krakowska\/"]}]},{"@type":"BreadcrumbList","@id":"https:\/\/don-plast.pl\/produkt\/podstawka-krakowska\/#breadcrumb","itemListElement":[{"@type":"ListItem","position":1,"name":"Strona g\u0142\u00f3wna","item":"https:\/\/don-plast.pl\/"},{"@type":"ListItem","position":2,"name":"Produkty","item":"https:\/\/don-plast.pl\/sklep\/"},{"@type":"ListItem","position":3,"name":"Podstawka Krakowska"}]},{"@type":"WebSite","@id":"https:\/\/don-plast.pl\/#website","url":"https:\/\/don-plast.pl\/","name":"Don-Plast","description":"","publisher":{"@id":"https:\/\/don-plast.pl\/#organization"},"potentialAction":[{"@type":"SearchAction","target":{"@type":"EntryPoint","urlTemplate":"https:\/\/don-plast.pl\/?s={search_term_string}"},"query-input":"required name=search_term_string"}],"inLanguage":"de"},{"@type":"Organization","@id":"https:\/\/don-plast.pl\/#organization","name":"Don-Plast","url":"https:\/\/don-plast.pl\/","logo":{"@type":"ImageObject","inLanguage":"de","@id":"https:\/\/don-plast.pl\/#\/schema\/logo\/image\/","url":"https:\/\/don-plast.pl\/wp-content\/uploads\/2023\/01\/logo-czerwone.png","contentUrl":"https:\/\/don-plast.pl\/wp-content\/uploads\/2023\/01\/logo-czerwone.png","width":176,"height":100,"caption":"Don-Plast"},"image":{"@id":"https:\/\/don-plast.pl\/#\/schema\/logo\/image\/"}}]}},"jetpack_sharing_enabled":true,"_links":{"self":[{"href":"https:\/\/don-plast.pl\/de\/wp-json\/wp\/v2\/product\/985","targetHints":{"allow":["GET"]}}],"collection":[{"href":"https:\/\/don-plast.pl\/de\/wp-json\/wp\/v2\/product"}],"about":[{"href":"https:\/\/don-plast.pl\/de\/wp-json\/wp\/v2\/types\/product"}],"wp:featuredmedia":[{"embeddable":true,"href":"https:\/\/don-plast.pl\/de\/wp-json\/wp\/v2\/media\/987"}],"wp:attachment":[{"href":"https:\/\/don-plast.pl\/de\/wp-json\/wp\/v2\/media?parent=985"}],"wp:term":[{"taxonomy":"product_cat","embeddable":true,"href":"https:\/\/don-plast.pl\/de\/wp-json\/wp\/v2\/product_cat?post=985"},{"taxonomy":"product_tag","embeddable":true,"href":"https:\/\/don-plast.pl\/de\/wp-json\/wp\/v2\/product_tag?post=985"}],"curies":[{"name":"wp","href":"https:\/\/api.w.org\/{rel}","templated":true}]}}