{"id":1000,"date":"2023-01-22T21:58:19","date_gmt":"2023-01-22T20:58:19","guid":{"rendered":"https:\/\/don-plast.pl\/new\/?post_type=product&#038;p=1000"},"modified":"2023-01-22T22:05:33","modified_gmt":"2023-01-22T21:05:33","slug":"trojkat","status":"publish","type":"product","link":"https:\/\/don-plast.pl\/en\/product\/trojkat\/","title":{"rendered":"Tr\u00f3jk\u0105t"},"content":{"rendered":"<h2>Product Sizes:<\/h2>\n<table id=\"tabelka\">\n<tbody>\n<tr>\n<td><img decoding=\"async\" src=\"..\/..\/wp-content\/uploads\/2023\/01\/symbolm.png\" alt=\"\" class=\"\"><\/td>\n<td><img decoding=\"async\" src=\"..\/..\/wp-content\/uploads\/2023\/01\/srednicam.png\" alt=\"\" class=\"\"><\/td>\n<td><img decoding=\"async\" src=\"..\/..\/wp-content\/uploads\/2023\/01\/wysokoscm.png\" alt=\"\" class=\"\"><\/td>\n<td><img decoding=\"async\" src=\"..\/..\/wp-content\/uploads\/2023\/01\/iloscm.png\" alt=\"\" class=\"\"><\/td>\n<td><img decoding=\"async\" src=\"..\/..\/wp-content\/uploads\/2023\/01\/europalettem.png\" alt=\"\" class=\"\"><\/td>\n<\/tr>\n<tr>\n<td>Symbol<\/td>\n<td>Diameter<\/td>\n<td>Height<\/td>\n<td>Number of pieces in the package<\/td>\n<td>Number of pieces on europallet<\/td>\n<\/tr>\n<tr>\n<td>DTR 1<\/td>\n<td>140<\/td>\n<td>90<\/td>\n<td>10<\/td>\n<td>8 000<\/td>\n<\/tr>\n<tr>\n<td>DTR 2<\/td>\n<td>180<\/td>\n<td>115<\/td>\n<td>10<\/td>\n<td>3 600<\/td>\n<\/tr>\n<tr>\n<td>DTR 3<\/td>\n<td>230<\/td>\n<td>150<\/td>\n<td>10<\/td>\n<td>2 100<\/td>\n<\/tr>\n<tr>\n<td>DTR 4<\/td>\n<td>260<\/td>\n<td>165<\/td>\n<td>10<\/td>\n<td>1 440<\/td>\n<\/tr>\n<\/tbody>\n<\/table>\n<h2>Tr\u00f3jk\u0105t Ssucer<\/h2>\n<table id=\"tabelka\">\n<tbody>\n<tr>\n<td><img decoding=\"async\" src=\"..\/..\/wp-content\/uploads\/2023\/01\/symbolm.png\" alt=\"\" class=\"\"><\/td>\n<td><img decoding=\"async\" src=\"..\/..\/wp-content\/uploads\/2023\/01\/srednicam.png\" alt=\"\" class=\"\"><\/td>\n<td><img decoding=\"async\" src=\"..\/..\/wp-content\/uploads\/2023\/01\/wysokoscm.png\" alt=\"\" class=\"\"><\/td>\n<td><img decoding=\"async\" src=\"..\/..\/wp-content\/uploads\/2023\/01\/iloscm.png\" alt=\"\" class=\"\"><\/td>\n<td><img decoding=\"async\" src=\"..\/..\/wp-content\/uploads\/2023\/01\/europalettem.png\" alt=\"\" class=\"\"><\/td>\n<\/tr>\n<tr>\n<td>Symbol<\/td>\n<td>Diameter<\/td>\n<td>Height<\/td>\n<td>Number of pieces in the package<\/td>\n<td>Number of pieces on europallet<\/td>\n<\/tr>\n<tr>\n<td>PTR 1<\/td>\n<td>110<\/td>\n<td>20<\/td>\n<td>10<\/td>\n<td>42 000<\/td>\n<\/tr>\n<tr>\n<td>PTR 2<\/td>\n<td>140<\/td>\n<td>25<\/td>\n<td>10<\/td>\n<td>20 000<\/td>\n<\/tr>\n<tr>\n<td>PTR 3<\/td>\n<td>180<\/td>\n<td>35<\/td>\n<td>10<\/td>\n<td>9 600<\/td>\n<\/tr>\n<tr>\n<td>PTR 4<\/td>\n<td>205<\/td>\n<td>40<\/td>\n<td>10<\/td>\n<td>6 650<\/td>\n<\/tr>\n<\/tbody>\n<\/table>","protected":false},"excerpt":{"rendered":"<p>Rozmiary produktu: Numer katalogowy \u015arednica Wysoko\u015b\u0107 Ilo\u015b\u0107 sztuk w opakowaniu Ilo\u015b\u0107 sztuk na europalecie DTR 1 140 90 10 8 000 DTR 2 180 115 10 3 600 DTR 3 230 150 10 2 100 DTR 4 260 165 10 1 440 Podstawka Tr\u00f3jk\u0105t: Numer katalogowy \u015arednica Wysoko\u015b\u0107 Ilo\u015b\u0107 sztuk w opakowaniu Ilo\u015b\u0107 sztuk na [&hellip;]<\/p>","protected":false},"featured_media":1001,"template":"","meta":[],"product_cat":[21],"product_tag":[],"class_list":{"0":"post-1000","1":"product","2":"type-product","3":"status-publish","4":"has-post-thumbnail","6":"product_cat-specjalne-zamowienia","8":"first","9":"instock","10":"shipping-taxable","11":"product-type-simple"},"yoast_head":"<!-- This site is optimized with the Yoast SEO plugin v21.8 - https:\/\/yoast.com\/wordpress\/plugins\/seo\/ -->\n<title>Tr\u00f3jk\u0105t - Don-Plast<\/title>\n<meta name=\"robots\" content=\"index, follow, max-snippet:-1, max-image-preview:large, max-video-preview:-1\" \/>\n<link rel=\"canonical\" href=\"https:\/\/don-plast.pl\/en\/product\/trojkat\/\" \/>\n<meta property=\"og:locale\" content=\"en_GB\" \/>\n<meta property=\"og:type\" content=\"article\" \/>\n<meta property=\"og:title\" content=\"Tr\u00f3jk\u0105t - Don-Plast\" \/>\n<meta property=\"og:description\" content=\"Rozmiary produktu: Numer katalogowy \u015arednica Wysoko\u015b\u0107 Ilo\u015b\u0107 sztuk w opakowaniu Ilo\u015b\u0107 sztuk na europalecie DTR 1 140 90 10 8 000 DTR 2 180 115 10 3 600 DTR 3 230 150 10 2 100 DTR 4 260 165 10 1 440 Podstawka Tr\u00f3jk\u0105t: Numer katalogowy \u015arednica Wysoko\u015b\u0107 Ilo\u015b\u0107 sztuk w opakowaniu Ilo\u015b\u0107 sztuk na [&hellip;]\" \/>\n<meta property=\"og:url\" content=\"https:\/\/don-plast.pl\/en\/product\/trojkat\/\" \/>\n<meta property=\"og:site_name\" content=\"Don-Plast\" \/>\n<meta property=\"article:modified_time\" content=\"2023-01-22T21:05:33+00:00\" \/>\n<meta property=\"og:image\" content=\"https:\/\/don-plast.pl\/wp-content\/uploads\/2023\/01\/doniczka-na-zamowienie-trojkat.jpg\" \/>\n\t<meta property=\"og:image:width\" content=\"1500\" \/>\n\t<meta property=\"og:image:height\" content=\"1500\" \/>\n\t<meta property=\"og:image:type\" content=\"image\/jpeg\" \/>\n<meta name=\"twitter:card\" content=\"summary_large_image\" \/>\n<script type=\"application\/ld+json\" class=\"yoast-schema-graph\">{\"@context\":\"https:\/\/schema.org\",\"@graph\":[{\"@type\":\"WebPage\",\"@id\":\"https:\/\/don-plast.pl\/en\/product\/trojkat\/\",\"url\":\"https:\/\/don-plast.pl\/en\/product\/trojkat\/\",\"name\":\"Tr\u00f3jk\u0105t - Don-Plast\",\"isPartOf\":{\"@id\":\"https:\/\/don-plast.pl\/#website\"},\"datePublished\":\"2023-01-22T20:58:19+00:00\",\"dateModified\":\"2023-01-22T21:05:33+00:00\",\"breadcrumb\":{\"@id\":\"https:\/\/don-plast.pl\/en\/product\/trojkat\/#breadcrumb\"},\"inLanguage\":\"en-GB\",\"potentialAction\":[{\"@type\":\"ReadAction\",\"target\":[\"https:\/\/don-plast.pl\/en\/product\/trojkat\/\"]}]},{\"@type\":\"BreadcrumbList\",\"@id\":\"https:\/\/don-plast.pl\/en\/product\/trojkat\/#breadcrumb\",\"itemListElement\":[{\"@type\":\"ListItem\",\"position\":1,\"name\":\"Strona g\u0142\u00f3wna\",\"item\":\"https:\/\/don-plast.pl\/\"},{\"@type\":\"ListItem\",\"position\":2,\"name\":\"Produkty\",\"item\":\"https:\/\/don-plast.pl\/sklep\/\"},{\"@type\":\"ListItem\",\"position\":3,\"name\":\"Tr\u00f3jk\u0105t\"}]},{\"@type\":\"WebSite\",\"@id\":\"https:\/\/don-plast.pl\/#website\",\"url\":\"https:\/\/don-plast.pl\/\",\"name\":\"Don-Plast\",\"description\":\"\",\"publisher\":{\"@id\":\"https:\/\/don-plast.pl\/#organization\"},\"potentialAction\":[{\"@type\":\"SearchAction\",\"target\":{\"@type\":\"EntryPoint\",\"urlTemplate\":\"https:\/\/don-plast.pl\/?s={search_term_string}\"},\"query-input\":\"required name=search_term_string\"}],\"inLanguage\":\"en-GB\"},{\"@type\":\"Organization\",\"@id\":\"https:\/\/don-plast.pl\/#organization\",\"name\":\"Don-Plast\",\"url\":\"https:\/\/don-plast.pl\/\",\"logo\":{\"@type\":\"ImageObject\",\"inLanguage\":\"en-GB\",\"@id\":\"https:\/\/don-plast.pl\/#\/schema\/logo\/image\/\",\"url\":\"https:\/\/don-plast.pl\/wp-content\/uploads\/2023\/01\/logo-czerwone.png\",\"contentUrl\":\"https:\/\/don-plast.pl\/wp-content\/uploads\/2023\/01\/logo-czerwone.png\",\"width\":176,\"height\":100,\"caption\":\"Don-Plast\"},\"image\":{\"@id\":\"https:\/\/don-plast.pl\/#\/schema\/logo\/image\/\"}}]}<\/script>\n<!-- \/ Yoast SEO plugin. -->","yoast_head_json":{"title":"Tr\u00f3jk\u0105t - Don-Plast","robots":{"index":"index","follow":"follow","max-snippet":"max-snippet:-1","max-image-preview":"max-image-preview:large","max-video-preview":"max-video-preview:-1"},"canonical":"https:\/\/don-plast.pl\/en\/product\/trojkat\/","og_locale":"en_GB","og_type":"article","og_title":"Tr\u00f3jk\u0105t - Don-Plast","og_description":"Rozmiary produktu: Numer katalogowy \u015arednica Wysoko\u015b\u0107 Ilo\u015b\u0107 sztuk w opakowaniu Ilo\u015b\u0107 sztuk na europalecie DTR 1 140 90 10 8 000 DTR 2 180 115 10 3 600 DTR 3 230 150 10 2 100 DTR 4 260 165 10 1 440 Podstawka Tr\u00f3jk\u0105t: Numer katalogowy \u015arednica Wysoko\u015b\u0107 Ilo\u015b\u0107 sztuk w opakowaniu Ilo\u015b\u0107 sztuk na [&hellip;]","og_url":"https:\/\/don-plast.pl\/en\/product\/trojkat\/","og_site_name":"Don-Plast","article_modified_time":"2023-01-22T21:05:33+00:00","og_image":[{"width":1500,"height":1500,"url":"https:\/\/don-plast.pl\/wp-content\/uploads\/2023\/01\/doniczka-na-zamowienie-trojkat.jpg","type":"image\/jpeg"}],"twitter_card":"summary_large_image","schema":{"@context":"https:\/\/schema.org","@graph":[{"@type":"WebPage","@id":"https:\/\/don-plast.pl\/en\/product\/trojkat\/","url":"https:\/\/don-plast.pl\/en\/product\/trojkat\/","name":"Tr\u00f3jk\u0105t - Don-Plast","isPartOf":{"@id":"https:\/\/don-plast.pl\/#website"},"datePublished":"2023-01-22T20:58:19+00:00","dateModified":"2023-01-22T21:05:33+00:00","breadcrumb":{"@id":"https:\/\/don-plast.pl\/en\/product\/trojkat\/#breadcrumb"},"inLanguage":"en-GB","potentialAction":[{"@type":"ReadAction","target":["https:\/\/don-plast.pl\/en\/product\/trojkat\/"]}]},{"@type":"BreadcrumbList","@id":"https:\/\/don-plast.pl\/en\/product\/trojkat\/#breadcrumb","itemListElement":[{"@type":"ListItem","position":1,"name":"Strona g\u0142\u00f3wna","item":"https:\/\/don-plast.pl\/"},{"@type":"ListItem","position":2,"name":"Produkty","item":"https:\/\/don-plast.pl\/sklep\/"},{"@type":"ListItem","position":3,"name":"Tr\u00f3jk\u0105t"}]},{"@type":"WebSite","@id":"https:\/\/don-plast.pl\/#website","url":"https:\/\/don-plast.pl\/","name":"Don-Plast","description":"","publisher":{"@id":"https:\/\/don-plast.pl\/#organization"},"potentialAction":[{"@type":"SearchAction","target":{"@type":"EntryPoint","urlTemplate":"https:\/\/don-plast.pl\/?s={search_term_string}"},"query-input":"required name=search_term_string"}],"inLanguage":"en-GB"},{"@type":"Organization","@id":"https:\/\/don-plast.pl\/#organization","name":"Don-Plast","url":"https:\/\/don-plast.pl\/","logo":{"@type":"ImageObject","inLanguage":"en-GB","@id":"https:\/\/don-plast.pl\/#\/schema\/logo\/image\/","url":"https:\/\/don-plast.pl\/wp-content\/uploads\/2023\/01\/logo-czerwone.png","contentUrl":"https:\/\/don-plast.pl\/wp-content\/uploads\/2023\/01\/logo-czerwone.png","width":176,"height":100,"caption":"Don-Plast"},"image":{"@id":"https:\/\/don-plast.pl\/#\/schema\/logo\/image\/"}}]}},"jetpack_sharing_enabled":true,"_links":{"self":[{"href":"https:\/\/don-plast.pl\/en\/wp-json\/wp\/v2\/product\/1000","targetHints":{"allow":["GET"]}}],"collection":[{"href":"https:\/\/don-plast.pl\/en\/wp-json\/wp\/v2\/product"}],"about":[{"href":"https:\/\/don-plast.pl\/en\/wp-json\/wp\/v2\/types\/product"}],"wp:featuredmedia":[{"embeddable":true,"href":"https:\/\/don-plast.pl\/en\/wp-json\/wp\/v2\/media\/1001"}],"wp:attachment":[{"href":"https:\/\/don-plast.pl\/en\/wp-json\/wp\/v2\/media?parent=1000"}],"wp:term":[{"taxonomy":"product_cat","embeddable":true,"href":"https:\/\/don-plast.pl\/en\/wp-json\/wp\/v2\/product_cat?post=1000"},{"taxonomy":"product_tag","embeddable":true,"href":"https:\/\/don-plast.pl\/en\/wp-json\/wp\/v2\/product_tag?post=1000"}],"curies":[{"name":"wp","href":"https:\/\/api.w.org\/{rel}","templated":true}]}}